{"id":10,"date":"2026-03-15T21:34:26","date_gmt":"2026-03-15T21:34:26","guid":{"rendered":"https:\/\/barotech.hu\/webshop\/cart\/"},"modified":"2026-04-10T15:49:27","modified_gmt":"2026-04-10T15:49:27","slug":"cart","status":"publish","type":"page","link":"https:\/\/barotech.hu\/webshop\/cart\/","title":{"rendered":"Kos\u00e1r"},"content":{"rendered":"\n<div data-block-name=\"woocommerce\/cart\" class=\"wp-block-woocommerce-cart alignwide is-loading\">\n<div data-block-name=\"woocommerce\/filled-cart-block\" class=\"wp-block-woocommerce-filled-cart-block\">\n<div data-block-name=\"woocommerce\/cart-items-block\" class=\"wp-block-woocommerce-cart-items-block\">\n<div data-block-name=\"woocommerce\/cart-line-items-block\" class=\"wp-block-woocommerce-cart-line-items-block\"><\/div>\n\n\n<\/div>\n\n\n\n<div data-block-name=\"woocommerce\/cart-totals-block\" class=\"wp-block-woocommerce-cart-totals-block\">\n<div data-block-name=\"woocommerce\/cart-order-summary-block\" class=\"wp-block-woocommerce-cart-order-summary-block\">\n<div data-block-name=\"woocommerce\/cart-order-summary-heading-block\" data-content=\"Kos\u00e1r \u00f6sszesen\" class=\"wp-block-woocommerce-cart-order-summary-heading-block\"><\/div>\n\n\n\n<div data-block-name=\"woocommerce\/cart-order-summary-coupon-form-block\" class=\"wp-block-woocommerce-cart-order-summary-coupon-form-block\"><\/div>\n\n\n\n<div data-block-name=\"woocommerce\/cart-order-summary-totals-block\" class=\"wp-block-woocommerce-cart-order-summary-totals-block\">\n<div data-block-name=\"woocommerce\/cart-order-summary-subtotal-block\" class=\"wp-block-woocommerce-cart-order-summary-subtotal-block\"><\/div>\n\n\n\n<div data-block-name=\"woocommerce\/cart-order-summary-fee-block\" class=\"wp-block-woocommerce-cart-order-summary-fee-block\"><\/div>\n\n\n\n<div data-block-name=\"woocommerce\/cart-order-summary-discount-block\" class=\"wp-block-woocommerce-cart-order-summary-discount-block\"><\/div>\n\n\n\n<div data-block-name=\"woocommerce\/cart-order-summary-shipping-block\" class=\"wp-block-woocommerce-cart-order-summary-shipping-block\"><\/div>\n\n\n\n<div data-block-name=\"woocommerce\/cart-order-summary-taxes-block\" class=\"wp-block-woocommerce-cart-order-summary-taxes-block\"><\/div>\n<\/div>\n<\/div>\n\n\n\n<div data-block-name=\"woocommerce\/cart-express-payment-block\" class=\"wp-block-woocommerce-cart-express-payment-block\"><\/div>\n\n\n\n<div data-block-name=\"woocommerce\/proceed-to-checkout-block\" class=\"wp-block-woocommerce-proceed-to-checkout-block\"><\/div>\n\n\n\n<div data-block-name=\"woocommerce\/cart-accepted-payment-methods-block\" class=\"wp-block-woocommerce-cart-accepted-payment-methods-block\"><\/div>\n<\/div>\n<\/div>\n\n\n\n<div data-block-name=\"woocommerce\/empty-cart-block\" class=\"wp-block-woocommerce-empty-cart-block\">\n<h2 class=\"wp-block-heading has-text-align-center with-empty-cart-icon wc-block-cart__empty-cart__title\">Your cart is currently empty!<\/h2>\n\n\n\n<hr class=\"wp-block-separator has-alpha-channel-opacity is-style-dots\"\/>\n\n\n\n<h2 class=\"wp-block-heading has-text-align-center\">New in store<\/h2>\n\n\n<div data-block-name=\"woocommerce\/product-new\" data-columns=\"4\" data-rows=\"1\" class=\"wc-block-grid wp-block-product-new wp-block-woocommerce-product-new wc-block-product-new has-4-columns\"><ul class=\"wc-block-grid__products\"><li class=\"wc-block-grid__product\">\n\t\t\t\t<a href=\"https:\/\/barotech.hu\/webshop\/product\/smartphone-6s-128gb-lte\/\" class=\"wc-block-grid__product-link\">\n\t\t\t\t\t\n\t\t\t\t\t<div class=\"wc-block-grid__product-image\"><img fetchpriority=\"high\" decoding=\"async\" width=\"300\" height=\"300\" src=\"https:\/\/barotech.hu\/webshop\/wp-content\/uploads\/2018\/10\/electro-placeholder-300x300.png\" class=\"attachment-woocommerce_thumbnail size-woocommerce_thumbnail\" alt=\"Smartphone 6S 128GB LTE\" srcset=\"https:\/\/barotech.hu\/webshop\/wp-content\/uploads\/2018\/10\/electro-placeholder-300x300.png 300w, https:\/\/barotech.hu\/webshop\/wp-content\/uploads\/2018\/10\/electro-placeholder-100x100.png 100w, https:\/\/barotech.hu\/webshop\/wp-content\/uploads\/2018\/10\/electro-placeholder-150x150.png 150w\" sizes=\"(max-width: 300px) 100vw, 300px\" \/><\/div>\n\t\t\t\t\t<div class=\"wc-block-grid__product-title\">Smartphone 6S 128GB LTE<\/div>\n\t\t\t\t<\/a>\n\t\t\t\t<div class=\"wc-block-grid__product-price price\"><span class=\"electro-price\"><span class=\"woocommerce-Price-amount amount\">780,00&nbsp;<span class=\"woocommerce-Price-currencySymbol\">&#070;&#116;<\/span><\/span><\/span><\/div>\n\t\t\t\t\n\t\t\t\t<div class=\"wp-block-button wc-block-grid__product-add-to-cart\"><a href=\"https:\/\/barotech.hu\/webshop\/product\/smartphone-6s-128gb-lte\/\" aria-label=\"&ldquo;Smartphone 6S 128GB LTE&rdquo; term\u00e9kr\u0151l t\u00f6bb inform\u00e1ci\u00f3\" data-quantity=\"1\" data-product_id=\"2928\" data-product_sku=\"5487FB8\/15\" data-price=\"780\" rel=\"nofollow\" class=\"wp-block-button__link  add_to_cart_button\">Tov\u00e1bb olvasom<\/a><\/div>\n\t\t\t<\/li><li class=\"wc-block-grid__product\">\n\t\t\t\t<a href=\"https:\/\/barotech.hu\/webshop\/product\/smartphone-6s-64gb-lte\/\" class=\"wc-block-grid__product-link\">\n\t\t\t\t\t\n\t\t\t\t\t<div class=\"wc-block-grid__product-image\"><img decoding=\"async\" width=\"300\" height=\"300\" src=\"https:\/\/barotech.hu\/webshop\/wp-content\/uploads\/2018\/10\/electro-placeholder-300x300.png\" class=\"attachment-woocommerce_thumbnail size-woocommerce_thumbnail\" alt=\"Smartphone 6S 64GB LTE\" srcset=\"https:\/\/barotech.hu\/webshop\/wp-content\/uploads\/2018\/10\/electro-placeholder-300x300.png 300w, https:\/\/barotech.hu\/webshop\/wp-content\/uploads\/2018\/10\/electro-placeholder-100x100.png 100w, https:\/\/barotech.hu\/webshop\/wp-content\/uploads\/2018\/10\/electro-placeholder-150x150.png 150w\" sizes=\"(max-width: 300px) 100vw, 300px\" \/><\/div>\n\t\t\t\t\t<div class=\"wc-block-grid__product-title\">Smartphone 6S 64GB LTE<\/div>\n\t\t\t\t<\/a>\n\t\t\t\t<div class=\"wc-block-grid__product-price price\"><span class=\"electro-price\"><span class=\"woocommerce-Price-amount amount\">1 215,00&nbsp;<span class=\"woocommerce-Price-currencySymbol\">&#070;&#116;<\/span><\/span><\/span><\/div>\n\t\t\t\t<div class=\"wc-block-grid__product-rating\"><div class=\"star-rating\" role=\"img\" aria-label=\"\u00c9rt\u00e9kel\u00e9s: 4.33 \/ 5\"><span style=\"width:86.6%\">\u00c9rt\u00e9kel\u00e9s <strong class=\"rating\">4.33<\/strong> az 5-b\u0151l, <span class=\"rating\">3<\/span> \u00e9rt\u00e9kel\u00e9s alapj\u00e1n<\/span><\/div><\/div>\n\t\t\t\t<div class=\"wp-block-button wc-block-grid__product-add-to-cart\"><a href=\"https:\/\/barotech.hu\/webshop\/product\/smartphone-6s-64gb-lte\/\" aria-label=\"&ldquo;Smartphone 6S 64GB LTE&rdquo; term\u00e9kr\u0151l t\u00f6bb inform\u00e1ci\u00f3\" data-quantity=\"1\" data-product_id=\"2926\" data-product_sku=\"5487FB8\/19\" data-price=\"1215\" rel=\"nofollow\" class=\"wp-block-button__link  add_to_cart_button\">Tov\u00e1bb olvasom<\/a><\/div>\n\t\t\t<\/li><li class=\"wc-block-grid__product\">\n\t\t\t\t<a href=\"https:\/\/barotech.hu\/webshop\/product\/apple-macbook-pro-mf841hna-13-inch-laptop\/\" class=\"wc-block-grid__product-link\">\n\t\t\t\t\t\n\t\t\t\t\t<div class=\"wc-block-grid__product-image\"><img decoding=\"async\" width=\"300\" height=\"300\" src=\"https:\/\/barotech.hu\/webshop\/wp-content\/uploads\/2018\/10\/electro-placeholder-300x300.png\" class=\"attachment-woocommerce_thumbnail size-woocommerce_thumbnail\" alt=\"Apple MacBook Pro MF841HN\/A 13-inch Laptop\" srcset=\"https:\/\/barotech.hu\/webshop\/wp-content\/uploads\/2018\/10\/electro-placeholder-300x300.png 300w, https:\/\/barotech.hu\/webshop\/wp-content\/uploads\/2018\/10\/electro-placeholder-100x100.png 100w, https:\/\/barotech.hu\/webshop\/wp-content\/uploads\/2018\/10\/electro-placeholder-150x150.png 150w\" sizes=\"(max-width: 300px) 100vw, 300px\" \/><\/div>\n\t\t\t\t\t<div class=\"wc-block-grid__product-title\">Apple MacBook Pro MF841HN\/A 13-inch Laptop<\/div>\n\t\t\t\t<\/a>\n\t\t\t\t<div class=\"wc-block-grid__product-price price\"><span class=\"electro-price\"><span class=\"woocommerce-Price-amount amount\">1 800,00&nbsp;<span class=\"woocommerce-Price-currencySymbol\">&#070;&#116;<\/span><\/span><\/span><\/div>\n\t\t\t\t<div class=\"wc-block-grid__product-rating\"><div class=\"star-rating\" role=\"img\" aria-label=\"\u00c9rt\u00e9kel\u00e9s: 5.00 \/ 5\"><span style=\"width:100%\">\u00c9rt\u00e9kel\u00e9s <strong class=\"rating\">5.00<\/strong> az 5-b\u0151l, <span class=\"rating\">2<\/span> \u00e9rt\u00e9kel\u00e9s alapj\u00e1n<\/span><\/div><\/div>\n\t\t\t\t<div class=\"wp-block-button wc-block-grid__product-add-to-cart\"><a href=\"\/webshop\/wp-json\/wp\/v2\/pages\/10?add-to-cart=2860\" aria-label=\"Kos\u00e1rba: &ldquo;Apple MacBook Pro MF841HN\/A 13-inch Laptop&rdquo;\" data-quantity=\"1\" data-product_id=\"2860\" data-product_sku=\"5487FB8\/45\" data-price=\"1800\" rel=\"nofollow\" class=\"wp-block-button__link  add_to_cart_button ajax_add_to_cart\">Kos\u00e1rba teszem<\/a><\/div>\n\t\t\t<\/li><li class=\"wc-block-grid__product\">\n\t\t\t\t<a href=\"https:\/\/barotech.hu\/webshop\/product\/protection-plan-for-macbook-air-13-inch-macbook-pro\/\" class=\"wc-block-grid__product-link\">\n\t\t\t\t\t\n\t\t\t\t\t<div class=\"wc-block-grid__product-image\"><img loading=\"lazy\" decoding=\"async\" width=\"300\" height=\"300\" src=\"https:\/\/barotech.hu\/webshop\/wp-content\/uploads\/2018\/10\/electro-placeholder-300x300.png\" class=\"attachment-woocommerce_thumbnail size-woocommerce_thumbnail\" alt=\"Protection Plan for MacBook Air \/ 13 inch MacBook Pro\" srcset=\"https:\/\/barotech.hu\/webshop\/wp-content\/uploads\/2018\/10\/electro-placeholder-300x300.png 300w, https:\/\/barotech.hu\/webshop\/wp-content\/uploads\/2018\/10\/electro-placeholder-100x100.png 100w, https:\/\/barotech.hu\/webshop\/wp-content\/uploads\/2018\/10\/electro-placeholder-150x150.png 150w\" sizes=\"(max-width: 300px) 100vw, 300px\" \/><\/div>\n\t\t\t\t\t<div class=\"wc-block-grid__product-title\">Protection Plan for MacBook Air \/ 13 inch MacBook Pro<\/div>\n\t\t\t\t<\/a>\n\t\t\t\t<div class=\"wc-block-grid__product-price price\"><span class=\"electro-price\"><span class=\"woocommerce-Price-amount amount\">250,00&nbsp;<span class=\"woocommerce-Price-currencySymbol\">&#070;&#116;<\/span><\/span><\/span><\/div>\n\t\t\t\t<div class=\"wc-block-grid__product-rating\"><div class=\"star-rating\" role=\"img\" aria-label=\"\u00c9rt\u00e9kel\u00e9s: 3.67 \/ 5\"><span style=\"width:73.4%\">\u00c9rt\u00e9kel\u00e9s <strong class=\"rating\">3.67<\/strong> az 5-b\u0151l, <span class=\"rating\">3<\/span> \u00e9rt\u00e9kel\u00e9s alapj\u00e1n<\/span><\/div><\/div>\n\t\t\t\t<div class=\"wp-block-button wc-block-grid__product-add-to-cart\"><a href=\"\/webshop\/wp-json\/wp\/v2\/pages\/10?add-to-cart=2861\" aria-label=\"Kos\u00e1rba: &ldquo;Protection Plan for MacBook Air \/ 13 inch MacBook Pro&rdquo;\" data-quantity=\"1\" data-product_id=\"2861\" data-product_sku=\"5487FB8\/44\" data-price=\"250\" rel=\"nofollow\" class=\"wp-block-button__link  add_to_cart_button ajax_add_to_cart\">Kos\u00e1rba teszem<\/a><\/div>\n\t\t\t<\/li><\/ul><\/div><\/div>\n<\/div>\n","protected":false},"excerpt":{"rendered":"You may be interested in\u2026 Your cart is currently empty! New in store","protected":false},"author":1,"featured_media":0,"parent":0,"menu_order":0,"comment_status":"closed","ping_status":"closed","template":"","meta":{"_acf_changed":false,"footnotes":""},"class_list":["post-10","page","type-page","status-publish","hentry"],"acf":[],"yoast_head":"<!-- This site is optimized with the Yoast SEO plugin v27.2 - https:\/\/yoast.com\/product\/yoast-seo-wordpress\/ -->\n<title>Kos\u00e1r - Barotech.hu<\/title>\n<meta name=\"robots\" content=\"index, follow, max-snippet:-1, max-image-preview:large, max-video-preview:-1\" \/>\n<link rel=\"canonical\" href=\"https:\/\/barotech.hu\/webshop\/cart\/\" \/>\n<meta property=\"og:locale\" content=\"hu_HU\" \/>\n<meta property=\"og:type\" content=\"article\" \/>\n<meta property=\"og:title\" content=\"Kos\u00e1r - Barotech.hu\" \/>\n<meta property=\"og:url\" content=\"https:\/\/barotech.hu\/webshop\/cart\/\" \/>\n<meta property=\"og:site_name\" content=\"Barotech.hu\" \/>\n<meta property=\"article:modified_time\" content=\"2026-04-10T15:49:27+00:00\" \/>\n<meta name=\"twitter:card\" content=\"summary_large_image\" \/>\n<meta name=\"twitter:label1\" content=\"Becs\u00fclt olvas\u00e1si id\u0151\" \/>\n\t<meta name=\"twitter:data1\" content=\"1 perc\" \/>\n<script type=\"application\/ld+json\" class=\"yoast-schema-graph\">{\"@context\":\"https:\/\/schema.org\",\"@graph\":[{\"@type\":\"WebPage\",\"@id\":\"https:\/\/barotech.hu\/webshop\/cart\/\",\"url\":\"https:\/\/barotech.hu\/webshop\/cart\/\",\"name\":\"Kos\u00e1r - Barotech.hu\",\"isPartOf\":{\"@id\":\"https:\/\/barotech.hu\/webshop\/#website\"},\"datePublished\":\"2026-03-15T21:34:26+00:00\",\"dateModified\":\"2026-04-10T15:49:27+00:00\",\"breadcrumb\":{\"@id\":\"https:\/\/barotech.hu\/webshop\/cart\/#breadcrumb\"},\"inLanguage\":\"hu\",\"potentialAction\":[{\"@type\":\"ReadAction\",\"target\":[\"https:\/\/barotech.hu\/webshop\/cart\/\"]}]},{\"@type\":\"BreadcrumbList\",\"@id\":\"https:\/\/barotech.hu\/webshop\/cart\/#breadcrumb\",\"itemListElement\":[{\"@type\":\"ListItem\",\"position\":1,\"name\":\"Kezd\u0151lap\",\"item\":\"https:\/\/barotech.hu\/webshop\/\"},{\"@type\":\"ListItem\",\"position\":2,\"name\":\"Kos\u00e1r\"}]},{\"@type\":\"WebSite\",\"@id\":\"https:\/\/barotech.hu\/webshop\/#website\",\"url\":\"https:\/\/barotech.hu\/webshop\/\",\"name\":\"Barotech.hu\",\"description\":\"Haszn&aacute;lt Elektronika felv&aacute;s&aacute;rl&aacute;s &eacute;s web&aacute;ruh&aacute;z\",\"potentialAction\":[{\"@type\":\"SearchAction\",\"target\":{\"@type\":\"EntryPoint\",\"urlTemplate\":\"https:\/\/barotech.hu\/webshop\/?s={search_term_string}\"},\"query-input\":{\"@type\":\"PropertyValueSpecification\",\"valueRequired\":true,\"valueName\":\"search_term_string\"}}],\"inLanguage\":\"hu\"}]}<\/script>\n<!-- \/ Yoast SEO plugin. -->","yoast_head_json":{"title":"Kos\u00e1r - Barotech.hu","robots":{"index":"index","follow":"follow","max-snippet":"max-snippet:-1","max-image-preview":"max-image-preview:large","max-video-preview":"max-video-preview:-1"},"canonical":"https:\/\/barotech.hu\/webshop\/cart\/","og_locale":"hu_HU","og_type":"article","og_title":"Kos\u00e1r - Barotech.hu","og_url":"https:\/\/barotech.hu\/webshop\/cart\/","og_site_name":"Barotech.hu","article_modified_time":"2026-04-10T15:49:27+00:00","twitter_card":"summary_large_image","twitter_misc":{"Becs\u00fclt olvas\u00e1si id\u0151":"1 perc"},"schema":{"@context":"https:\/\/schema.org","@graph":[{"@type":"WebPage","@id":"https:\/\/barotech.hu\/webshop\/cart\/","url":"https:\/\/barotech.hu\/webshop\/cart\/","name":"Kos\u00e1r - Barotech.hu","isPartOf":{"@id":"https:\/\/barotech.hu\/webshop\/#website"},"datePublished":"2026-03-15T21:34:26+00:00","dateModified":"2026-04-10T15:49:27+00:00","breadcrumb":{"@id":"https:\/\/barotech.hu\/webshop\/cart\/#breadcrumb"},"inLanguage":"hu","potentialAction":[{"@type":"ReadAction","target":["https:\/\/barotech.hu\/webshop\/cart\/"]}]},{"@type":"BreadcrumbList","@id":"https:\/\/barotech.hu\/webshop\/cart\/#breadcrumb","itemListElement":[{"@type":"ListItem","position":1,"name":"Kezd\u0151lap","item":"https:\/\/barotech.hu\/webshop\/"},{"@type":"ListItem","position":2,"name":"Kos\u00e1r"}]},{"@type":"WebSite","@id":"https:\/\/barotech.hu\/webshop\/#website","url":"https:\/\/barotech.hu\/webshop\/","name":"Barotech.hu","description":"Haszn&aacute;lt Elektronika felv&aacute;s&aacute;rl&aacute;s &eacute;s web&aacute;ruh&aacute;z","potentialAction":[{"@type":"SearchAction","target":{"@type":"EntryPoint","urlTemplate":"https:\/\/barotech.hu\/webshop\/?s={search_term_string}"},"query-input":{"@type":"PropertyValueSpecification","valueRequired":true,"valueName":"search_term_string"}}],"inLanguage":"hu"}]}},"_links":{"self":[{"href":"https:\/\/barotech.hu\/webshop\/wp-json\/wp\/v2\/pages\/10","targetHints":{"allow":["GET"]}}],"collection":[{"href":"https:\/\/barotech.hu\/webshop\/wp-json\/wp\/v2\/pages"}],"about":[{"href":"https:\/\/barotech.hu\/webshop\/wp-json\/wp\/v2\/types\/page"}],"author":[{"embeddable":true,"href":"https:\/\/barotech.hu\/webshop\/wp-json\/wp\/v2\/users\/1"}],"replies":[{"embeddable":true,"href":"https:\/\/barotech.hu\/webshop\/wp-json\/wp\/v2\/comments?post=10"}],"version-history":[{"count":2,"href":"https:\/\/barotech.hu\/webshop\/wp-json\/wp\/v2\/pages\/10\/revisions"}],"predecessor-version":[{"id":7667,"href":"https:\/\/barotech.hu\/webshop\/wp-json\/wp\/v2\/pages\/10\/revisions\/7667"}],"wp:attachment":[{"href":"https:\/\/barotech.hu\/webshop\/wp-json\/wp\/v2\/media?parent=10"}],"curies":[{"name":"wp","href":"https:\/\/api.w.org\/{rel}","templated":true}]}}